{"id":1252,"date":"2015-11-21T16:27:41","date_gmt":"2015-11-21T16:27:41","guid":{"rendered":"https:\/\/desociales.es\/?page_id=1252"},"modified":"2021-08-03T00:47:04","modified_gmt":"2021-08-02T22:47:04","slug":"pagina-ejemplo-2","status":"publish","type":"page","link":"https:\/\/desociales.es\/?page_id=1252","title":{"rendered":"Sobre m\u00ed"},"content":{"rendered":"<p style=\"text-align: justify;\">Nacida en 1985 en Granada. Licenciada en Historia por la Universidad de Granada, donde tambi\u00e9n curs\u00e9 el M\u00e1ster del Profesorado, y graduada en Historia del Arte por la Universidad Nacional de Educaci\u00f3n a Distancia.<\/p>\n<p style=\"text-align: justify;\">Profesora de Ciencias Sociales (Geograf\u00eda, Historia, Historia del Arte y lo que surja), habilitada como profesora con perfil biling\u00fce (acreditada con el Cambridge Advanced Certificate &#8211; C1) y funcionaria de carrera desde el a\u00f1o 2018, he trabajado en centros de la provincia de Sevilla, Ja\u00e9n y Granada.<\/p>\n<p>El objetivo de este blog es mantener organizado el ingente material did\u00e1ctico que he ido recopilando y\/o elaborando a lo largo del tiempo, para que resulte de m\u00e1s f\u00e1cil acceso tanto a mis alumnos como a m\u00ed.<\/p>\n","protected":false},"excerpt":{"rendered":"<p>Nacida en 1985 en Granada. Licenciada en Historia por la Universidad de Granada, donde tambi\u00e9n curs\u00e9 el M\u00e1ster del Profesorado, y graduada en Historia del Arte por la Universidad Nacional de Educaci\u00f3n a Distancia. Profesora de Ciencias Sociales (Geograf\u00eda, Historia, Historia del Arte y lo que surja), habilitada como profesora con perfil biling\u00fce (acreditada con [&hellip;]<\/p>\n","protected":false},"author":1,"featured_media":12,"parent":0,"menu_order":0,"comment_status":"closed","ping_status":"open","template":"","meta":{"footnotes":""},"class_list":["post-1252","page","type-page","status-publish","has-post-thumbnail","hentry"],"_links":{"self":[{"href":"https:\/\/desociales.es\/index.php?rest_route=\/wp\/v2\/pages\/1252","targetHints":{"allow":["GET"]}}],"collection":[{"href":"https:\/\/desociales.es\/index.php?rest_route=\/wp\/v2\/pages"}],"about":[{"href":"https:\/\/desociales.es\/index.php?rest_route=\/wp\/v2\/types\/page"}],"author":[{"embeddable":true,"href":"https:\/\/desociales.es\/index.php?rest_route=\/wp\/v2\/users\/1"}],"replies":[{"embeddable":true,"href":"https:\/\/desociales.es\/index.php?rest_route=%2Fwp%2Fv2%2Fcomments&post=1252"}],"version-history":[{"count":1,"href":"https:\/\/desociales.es\/index.php?rest_route=\/wp\/v2\/pages\/1252\/revisions"}],"predecessor-version":[{"id":2932,"href":"https:\/\/desociales.es\/index.php?rest_route=\/wp\/v2\/pages\/1252\/revisions\/2932"}],"wp:featuredmedia":[{"embeddable":true,"href":"https:\/\/desociales.es\/index.php?rest_route=\/"}],"wp:attachment":[{"href":"https:\/\/desociales.es\/index.php?rest_route=%2Fwp%2Fv2%2Fmedia&parent=1252"}],"curies":[{"name":"wp","href":"https:\/\/api.w.org\/{rel}","templated":true}]}}